{"id":2020,"date":"2026-03-24T09:48:12","date_gmt":"2026-03-24T08:48:12","guid":{"rendered":"https:\/\/mm.wdemo.net\/politica-de-privacidad\/"},"modified":"2026-04-28T16:32:16","modified_gmt":"2026-04-28T14:32:16","slug":"politique-de-confidentialite","status":"publish","type":"page","link":"https:\/\/mm.wdemo.net\/fr\/politique-de-confidentialite\/","title":{"rendered":"Politique de confidentialit\u00e9"},"content":{"rendered":"<p>Mus\u00e9e du Maillot de Leintz Gatzaga.<br \/>\nDerni\u00e8re mise \u00e0 jour: 07-04-2026<br \/>\nDate d&rsquo;entr\u00e9en vigueur: 30-03-2026<br \/>\nLa pr\u00e9sente politique de confidentialit\u00e9 d\u00e9crit les pratiques du Mus\u00e9e du Maillot de Leintz Gatzaga (Gipuzkoa,<br \/>\nEspagne), adresse e-mail de contact:&#8230;&#8230;&#8230;&#8230;&#8230;.. concernant la collecte, l&rsquo;utilisatio et la divulgation des informations<br \/>\nque nous recueillons lorsque vous utilisez notre site web.<br \/>\nEn acc\u00e9dant au Service ou en l&rsquo;utilisant, vous acceptez la collecte, l&rsquo;utilisation et la divulgation de vos informations<br \/>\nconform\u00e9ment \u00e1 la pr\u00e9sente Politique de confidentiai\u00e9. Si vous n&rsquo;\u00eates pas d&rsquo;accord, nous vous recommandons de<br \/>\nne pas utiliser le Service.<br \/>\nNous nous r\u00e9servons le droit de modifier la pr\u00e9sente Politique de confidentialit\u00e9 \u00e0 tout moment. Les modifications<br \/>\nseront publi\u00e9es sur le Service et entreront en vigueur 180 jour apr\u00e8s leur publication. La poursuite de l&rsquo;utilisation<br \/>\ndu Service impliquera l&rsquo;acceptation de ces modifications.<\/p>\n<p>1. INFORMATIONS QUE NOUS RECUEILLOS<br \/>\nNous pouvons collecter et traiter les donn\u00e9es \u00e0 caract\u00e8re personnel suivantes:<br \/>\n-Pr\u00e9nom<br \/>\n-Adresse e-mail<br \/>\n-Num\u00e9ron de t\u00e9l\u00e9phone<br \/>\n-Code postal<\/p>\n<p>2. COMMENT NOUS UTILISONS VOS DONN\u00c9ES<br \/>\nNous utilisons les donn\u00e9es collect\u00e9es pour:<br \/>\n-La gestion des demandes de renseignements et del services du mus\u00e9e.<br \/>\n-Les activit\u00e9s de communication et de promotion<br \/>\n-Le service client.<br \/>\n-L&rsquo;am\u00e9liortion de l&rsquo;exp\u00e9rience utilisateur.<br \/>\n-La s\u00e9curit\u00e9 du site web.<br \/>\n-L&rsquo;analyse statistique de l&rsquo;utilisation du site.<br \/>\n-Si nous devions utiliser vos donn\u00e9es \u00e0 d&rsquo;autres fins, nous vous demanderons votre consentement pr\u00e9alable.<\/p>\n<p>3. PARTAGE DES INFORMATIONS<br \/>\nNous ne partagerons pas vos informations personnelles avec des tiers, sauf dans les cas suivants:<br \/>\n-Services d&rsquo;analyse web.<br \/>\n-Traiteent des donn\u00e9es par des prestataires technologiques.<br \/>\n-Les tiers sont tenus d&rsquo;utiliser les donn\u00e9es uniquement aux fins pr\u00e9vues et de ne pas les conserver plus<br \/>\nlongtemps que n\u00e9cessaire.<br \/>\n-Nous pouvons \u00e9galement divulguer des informations si la loi l&rsquo;exige ou en cas de proc\u00e9dures juridiciaires, de<br \/>\nfraude ou de protection des droits.<\/p>\n<p>4. CONSERVATION DES DONN\u00c9ES<br \/>\nNous conserverons les donn\u00e9es \u00e0 caract\u00e8re personnel pendant une p\u00e9riode comprise entre 90 jours et 2 ans<br \/>\napr\u00e8s l&rsquo;inactivit\u00e9 de l&rsquo;utilisateur, ou pendant la dur\u00e9e n\u00e9cessaire \u00e0 la r\u00e9alisation des finalit\u00e9s d\u00e9crites.<br \/>\nNous purrons conserver certaines donn\u00e9es pendant des p\u00e9riodes plus longues lorsque la i l&rsquo;eige ou pour des<br \/>\nmotifs l\u00e9gitimes tels que la pr\u00e9vention de la fraude ou l&rsquo;exercice de droits l\u00e9gaux.<\/p>\n<p>5. DROITS DE L&rsquo;UTILISATEUR<br \/>\nL&rsquo;utilisateur a le droit:<br \/>\n-D&rsquo;acc\u00e9der \u00e0 ses donn\u00e9es personnelles.<br \/>\n-Les rectifier ou de del supprimer.<br \/>\n-Limiter ou de s&rsquo;opposer \u00e0 leur traitement.<br \/>\n-Solliciter la portabilit\u00e9 des donn\u00e9es.<br \/>\n-Retirer son consentement \u00e0 tout moment.<br \/>\n-D\u00e9poser une r\u00e9clamation aupr\u00e8s de l&rsquo;autorite de contr\u00f4le.<br \/>\nPour exercer ces droits, vous pouvez \u00e9crire \u00e0:&#8230;&#8230;.<\/p>\n<p>6. S\u00c9CURIT\u00c9<br \/>\nNous mettons en \u0153uvre des mesures techniques et organisationnelles raisonnable pour prot\u00e9ger les donn\u00e9es \u00e0<br \/>\ncaract\u00e8re personnel. Cependant, nous ne pouvons garantir une s\u00e9curit\u00e9 absolue sur internet.<\/p>\n<p>7. LIENS VERS DES SITES TIERS<br \/>\nLe site web peut contenir des liens vers des pages externes. Le Mus\u00e9e du Maillot d\u00e9cline toute responsabilit\u00e9 quant<br \/>\naux politiques de confidentialit\u00e9 et au contenu de ces sites.<\/p>\n<p>8.CONTACT ET R\u00c9CLAMATIONS<br \/>\nPour toute question concernant la pr\u00e9sente politique de confidentialit\u00e9, vous pouvez contacter:<br \/>\nMuseo del Maillot de Leintz Gatzaga.<br \/>\nLeintz Gatzaga, Guip\u00fazcoa, Espagne<br \/>\nE-mail:&#8230;&#8230;&#8230;.<\/p>\n","protected":false},"excerpt":{"rendered":"<p>Mus\u00e9e du Maillot de Leintz Gatzaga. Derni\u00e8re mise \u00e0 jour: 07-04-2026 Date d&rsquo;entr\u00e9en vigueur: 30-03-2026 La pr\u00e9sente politique de confidentialit\u00e9 d\u00e9crit les pratiques du Mus\u00e9e du Maillot de Leintz Gatzaga (Gipuzkoa, Espagne), adresse e-mail de contact:&#8230;&#8230;&#8230;&#8230;&#8230;.. concernant la collecte, l&rsquo;utilisatio et la divulgation des informations que nous recueillons lorsque vous utilisez notre site web. En [&hellip;]<\/p>\n","protected":false},"author":1,"featured_media":0,"parent":0,"menu_order":0,"comment_status":"closed","ping_status":"closed","template":"","meta":{"_acf_changed":false,"footnotes":""},"class_list":["post-2020","page","type-page","status-publish","hentry"],"acf":[],"_links":{"self":[{"href":"https:\/\/mm.wdemo.net\/fr\/wp-json\/wp\/v2\/pages\/2020","targetHints":{"allow":["GET"]}}],"collection":[{"href":"https:\/\/mm.wdemo.net\/fr\/wp-json\/wp\/v2\/pages"}],"about":[{"href":"https:\/\/mm.wdemo.net\/fr\/wp-json\/wp\/v2\/types\/page"}],"author":[{"embeddable":true,"href":"https:\/\/mm.wdemo.net\/fr\/wp-json\/wp\/v2\/users\/1"}],"replies":[{"embeddable":true,"href":"https:\/\/mm.wdemo.net\/fr\/wp-json\/wp\/v2\/comments?post=2020"}],"version-history":[{"count":2,"href":"https:\/\/mm.wdemo.net\/fr\/wp-json\/wp\/v2\/pages\/2020\/revisions"}],"predecessor-version":[{"id":2027,"href":"https:\/\/mm.wdemo.net\/fr\/wp-json\/wp\/v2\/pages\/2020\/revisions\/2027"}],"wp:attachment":[{"href":"https:\/\/mm.wdemo.net\/fr\/wp-json\/wp\/v2\/media?parent=2020"}],"curies":[{"name":"wp","href":"https:\/\/api.w.org\/{rel}","templated":true}]}}