{"id":2009,"date":"2026-03-24T09:53:13","date_gmt":"2026-03-24T08:53:13","guid":{"rendered":"https:\/\/mm.wdemo.net\/aviso-legal\/"},"modified":"2026-04-28T16:32:51","modified_gmt":"2026-04-28T14:32:51","slug":"mentions-legales","status":"publish","type":"page","link":"https:\/\/mm.wdemo.net\/fr\/mentions-legales\/","title":{"rendered":"Mentions l\u00e9gales"},"content":{"rendered":"<p>1. COORDONN\u00c9ES<br \/>\nConform\u00e9ment \u00e0 la r\u00e9glementation en vigueur, nous vous informons que ce site web est la propri\u00e9t\u00e9 de:<br \/>\nMus\u00e9e du Maillot de Leintz Gatzaga.<br \/>\nAdresse: Leintz Gatzaga (Gipuzkoa, Espagne)<br \/>\nE-mail:<\/p>\n<p>2. OBJET<br \/>\nLe pr\u00e9sent site web a pour objectif de fournr des informations sur le Mus\u00e9e du Maillo de Leintz Gatzaga, ses<br \/>\nactivit\u00e9s, services et ses contenus culturels.<\/p>\n<p>3. CONDITIONS D \u0301UTILISATION<br \/>\nL&rsquo;acc\u00e8s au site web et son utilisation impliquent l&rsquo;acceptation des pr\u00e9sentes conditions. L&rsquo;utilisateur s&rsquo;engage<br \/>\n\u00e0 faire un usage appropri\u00e9 du contenu et \u00e0 ne pas l \u0301 utiliser \u00e0 des fins illicites ou contraires \u00e0 la bonne foi.<\/p>\n<p>4. PROPRI\u00c9T\u00c9 INTELLECTUELLE ET INDUSTRIELLE<br \/>\nL&rsquo;ensemble du contenu du site web (textes, images, logos, conception, etc.) est prot\u00e9g\u00e9 par des droits de<br \/>\nproppri\u00e9t\u00e9 intellectuelle et industrielle, dont le Mus\u00e9e du Maillot ou des tiers autoris\u00e9s sont titulaires.<br \/>\nToute reproduction totale ou partielle est interdite sans autorisation expresse.<\/p>\n<p>5. RESPONSABILIT\u00c9<br \/>\nLe Mus\u00e9e du Maillot d\u00e9cline totute resonsabilit\u00e9 concernant:<br \/>\n-Les erreurs ou omissions dans les contenus.<br \/>\n-L&rsquo;indispnibilit\u00e9 du site web.<br \/>\n-Les dommages r\u00e9sultant de l&rsquo;utilisation du site.<\/p>\n<p>6. LIENS EXTERNES<br \/>\nCe site web peut contenir des lien vers des pages externes. Le Mus\u00e9e du Maillot d\u00e9cline toute responsabilit\u00e9<br \/>\nquant au conteu de ces sites.<\/p>\n<p>7. L\u00c9GISLATION APPLICABLE<br \/>\nLes pr\u00e9sentes mentions l\u00e9gales snt r\u00e9gies par la l\u00e9gislation espagnole. Pour tout litige pouvant d\u00e9couler de<br \/>\nl&rsquo;utilsation du site web, les parties se soumettront \u00e0 la comp\u00e9 tence des tribunaux de Giuzkoa, sauf<br \/>\ndisposition l\u00e9gale contraire.<\/p>\n","protected":false},"excerpt":{"rendered":"<p>1. COORDONN\u00c9ES Conform\u00e9ment \u00e0 la r\u00e9glementation en vigueur, nous vous informons que ce site web est la propri\u00e9t\u00e9 de: Mus\u00e9e du Maillot de Leintz Gatzaga. Adresse: Leintz Gatzaga (Gipuzkoa, Espagne) E-mail: 2. OBJET Le pr\u00e9sent site web a pour objectif de fournr des informations sur le Mus\u00e9e du Maillo de Leintz Gatzaga, ses activit\u00e9s, services [&hellip;]<\/p>\n","protected":false},"author":1,"featured_media":0,"parent":0,"menu_order":0,"comment_status":"closed","ping_status":"closed","template":"","meta":{"_acf_changed":false,"footnotes":""},"class_list":["post-2009","page","type-page","status-publish","hentry"],"acf":[],"_links":{"self":[{"href":"https:\/\/mm.wdemo.net\/fr\/wp-json\/wp\/v2\/pages\/2009","targetHints":{"allow":["GET"]}}],"collection":[{"href":"https:\/\/mm.wdemo.net\/fr\/wp-json\/wp\/v2\/pages"}],"about":[{"href":"https:\/\/mm.wdemo.net\/fr\/wp-json\/wp\/v2\/types\/page"}],"author":[{"embeddable":true,"href":"https:\/\/mm.wdemo.net\/fr\/wp-json\/wp\/v2\/users\/1"}],"replies":[{"embeddable":true,"href":"https:\/\/mm.wdemo.net\/fr\/wp-json\/wp\/v2\/comments?post=2009"}],"version-history":[{"count":2,"href":"https:\/\/mm.wdemo.net\/fr\/wp-json\/wp\/v2\/pages\/2009\/revisions"}],"predecessor-version":[{"id":2016,"href":"https:\/\/mm.wdemo.net\/fr\/wp-json\/wp\/v2\/pages\/2009\/revisions\/2016"}],"wp:attachment":[{"href":"https:\/\/mm.wdemo.net\/fr\/wp-json\/wp\/v2\/media?parent=2009"}],"curies":[{"name":"wp","href":"https:\/\/api.w.org\/{rel}","templated":true}]}}