{"id":1977,"date":"2026-03-16T16:21:38","date_gmt":"2026-03-16T15:21:38","guid":{"rendered":"https:\/\/mm.wdemo.net\/noticias\/"},"modified":"2026-04-22T12:25:29","modified_gmt":"2026-04-22T10:25:29","slug":"actualites","status":"publish","type":"page","link":"https:\/\/mm.wdemo.net\/fr\/actualites\/","title":{"rendered":"Actualit\u00e9s"},"content":{"rendered":"\t\t<div data-elementor-type=\"wp-page\" data-elementor-id=\"1977\" class=\"elementor elementor-1977 elementor-986\" data-elementor-post-type=\"page\">\n\t\t\t\t<div class=\"elementor-element elementor-element-2632fcae e-con-full e-flex e-con e-parent\" data-id=\"2632fcae\" data-element_type=\"container\" data-settings=\"{&quot;background_background&quot;:&quot;classic&quot;}\">\n\t\t<div class=\"elementor-element elementor-element-6cbf5339 e-con-full e-flex e-con e-child\" data-id=\"6cbf5339\" data-element_type=\"container\">\n\t\t<div class=\"elementor-element elementor-element-3e621ab e-con-full e-flex e-con e-child\" data-id=\"3e621ab\" data-element_type=\"container\">\n\t\t\t\t<div class=\"elementor-element elementor-element-6ae41f60 animated-slow elementor-invisible elementor-widget elementor-widget-heading\" data-id=\"6ae41f60\" data-element_type=\"widget\" data-settings=\"{&quot;_animation&quot;:&quot;fadeIn&quot;,&quot;_animation_delay&quot;:0}\" data-widget_type=\"heading.default\">\n\t\t\t\t\t<h1 class=\"elementor-heading-title elementor-size-default\"><a href=\"https:\/\/drive.google.com\/file\/d\/1TMLjbOCJXp1d1HJ_e9pjfyQFWPC0ncs3\/view?usp=sharing\">Derni\u00e8res nouvelles !<\/a><\/h1>\t\t\t\t<\/div>\n\t\t\t\t<div class=\"elementor-element elementor-element-318146cc elementor-widget__width-initial elementor-invisible elementor-widget elementor-widget-text-editor\" data-id=\"318146cc\" data-element_type=\"widget\" data-settings=\"{&quot;_animation&quot;:&quot;fadeIn&quot;,&quot;_animation_delay&quot;:200}\" data-widget_type=\"text-editor.default\">\n\t\t\t\t\t\t\t\t\t<p class=\"p1\">Des histoires qui continuent de rouler : actualit\u00e9s, \u00e9v\u00e9nements et moments qui rassemblent cyclistes, visiteurs et fid\u00e8les autour de Dorleta.<\/p>\t\t\t\t\t\t\t\t<\/div>\n\t\t\t\t<\/div>\n\t\t\t\t<\/div>\n\t\t\t\t<\/div>\n\t\t<div class=\"elementor-element elementor-element-b01811e e-flex e-con-boxed e-con e-parent\" data-id=\"b01811e\" data-element_type=\"container\" data-settings=\"{&quot;background_background&quot;:&quot;classic&quot;}\">\n\t\t\t\t\t<div class=\"e-con-inner\">\n\t\t<div class=\"elementor-element elementor-element-a70d2cf e-con-full e-flex e-con e-child\" data-id=\"a70d2cf\" data-element_type=\"container\">\n\t\t<div class=\"elementor-element elementor-element-91a11db e-con-full e-flex e-con e-child\" data-id=\"91a11db\" data-element_type=\"container\">\n\t\t\t\t<div class=\"elementor-element elementor-element-7b4eab2 animated-slow elementor-invisible elementor-widget elementor-widget-image\" data-id=\"7b4eab2\" data-element_type=\"widget\" data-settings=\"{&quot;_animation&quot;:&quot;zoomIn&quot;,&quot;_animation_delay&quot;:0}\" data-widget_type=\"image.default\">\n\t\t\t\t\t\t\t\t\t\t\t\t\t\t\t<img fetchpriority=\"high\" decoding=\"async\" width=\"800\" height=\"522\" src=\"https:\/\/mm.wdemo.net\/wp-content\/uploads\/2026\/04\/1-articulo-1024x668.jpg\" class=\"attachment-large size-large wp-image-1999\" alt=\"\" srcset=\"https:\/\/mm.wdemo.net\/wp-content\/uploads\/2026\/04\/1-articulo-1024x668.jpg 1024w, https:\/\/mm.wdemo.net\/wp-content\/uploads\/2026\/04\/1-articulo-300x196.jpg 300w, https:\/\/mm.wdemo.net\/wp-content\/uploads\/2026\/04\/1-articulo-768x501.jpg 768w, https:\/\/mm.wdemo.net\/wp-content\/uploads\/2026\/04\/1-articulo-1536x1002.jpg 1536w, https:\/\/mm.wdemo.net\/wp-content\/uploads\/2026\/04\/1-articulo.jpg 1582w\" sizes=\"(max-width: 800px) 100vw, 800px\" \/>\t\t\t\t\t\t\t\t\t\t\t\t\t\t\t<\/div>\n\t\t\t\t<\/div>\n\t\t<div class=\"elementor-element elementor-element-eb94fa0 e-con-full e-flex e-con e-child\" data-id=\"eb94fa0\" data-element_type=\"container\">\n\t\t\t\t<div class=\"elementor-element elementor-element-3ba0ef9 animated-slow elementor-invisible elementor-widget elementor-widget-heading\" data-id=\"3ba0ef9\" data-element_type=\"widget\" data-settings=\"{&quot;_animation&quot;:&quot;fadeIn&quot;,&quot;_animation_delay&quot;:0}\" data-widget_type=\"heading.default\">\n\t\t\t\t\t<h3 class=\"elementor-heading-title elementor-size-default\">Reportage sur une visite au sanctuaire de Dorleta<\/h3>\t\t\t\t<\/div>\n\t\t\t\t<div class=\"elementor-element elementor-element-4cb183f animated-slow elementor-invisible elementor-widget elementor-widget-text-editor\" data-id=\"4cb183f\" data-element_type=\"widget\" data-settings=\"{&quot;_animation&quot;:&quot;fadeIn&quot;,&quot;_animation_delay&quot;:200}\" data-widget_type=\"text-editor.default\">\n\t\t\t\t\t\t\t\t\t<p>Un reportage t\u00e9l\u00e9vis\u00e9 rend compte d&rsquo;une visite au sanctuaire de Dorleta, o\u00f9 l&rsquo;on peut voir les maillots et les souvenirs que les cyclistes ont laiss\u00e9s au fil des ans. Dans la vid\u00e9o, on peut voir Ander Gonz\u00e1lez et Ibai Agirreurreta parcourir l&rsquo;int\u00e9rieur du sanctuaire, montrer de pr\u00e8s certains des maillots et expliquer leur signification dans le monde du cyclisme. Certains de ces maillots se distinguent car ils ont \u00e9t\u00e9 offerts apr\u00e8s des moments importants de la carri\u00e8re des sportifs. La vid\u00e9o parcourt l&rsquo;int\u00e9rieur du sanctuaire, o\u00f9 l&rsquo;on peut voir des maillots de diff\u00e9rentes \u00e9poques, dont certains appartiennent \u00e0 des cyclistes tr\u00e8s importants. Le contenu met en avant la fa\u00e7on dont ce lieu est devenu un point de r\u00e9f\u00e9rence pour les amateurs de cyclisme, o\u00f9 se m\u00ealent histoire, sport et tradition. Les pr\u00e9sentateurs expliquent comment la tradition s\u2019est maintenue vivante pendant des d\u00e9cennies, transformant ainsi le lieu en un petit mus\u00e9e du cyclisme.<\/p>\t\t\t\t\t\t\t\t<\/div>\n\t\t\t\t<div class=\"elementor-element elementor-element-e209e6a elementor-widget elementor-widget-text-editor\" data-id=\"e209e6a\" data-element_type=\"widget\" data-widget_type=\"text-editor.default\">\n\t\t\t\t\t\t\t\t\t<p><a href=\"https:\/\/www.eitb.eus\/es\/television\/programas\/historias-a-bocados\/videos\/detalle\/5236421\/video-ibai-agirreurreta-en-santuario-de-dorleta-maillots-de-indurain\/\">Lire l&rsquo;article<\/a><\/p>\t\t\t\t\t\t\t\t<\/div>\n\t\t\t\t<\/div>\n\t\t\t\t<\/div>\n\t\t<div class=\"elementor-element elementor-element-3b126dd e-con-full e-flex e-con e-child\" data-id=\"3b126dd\" data-element_type=\"container\">\n\t\t<div class=\"elementor-element elementor-element-4f86523 e-con-full elementor-hidden-desktop animated-slow e-flex elementor-invisible e-con e-child\" data-id=\"4f86523\" data-element_type=\"container\" data-settings=\"{&quot;animation&quot;:&quot;zoomIn&quot;,&quot;animation_delay&quot;:0}\">\n\t\t\t\t<div class=\"elementor-element elementor-element-bbec133 elementor-widget elementor-widget-image\" data-id=\"bbec133\" data-element_type=\"widget\" data-widget_type=\"image.default\">\n\t\t\t\t\t\t\t\t\t\t\t\t\t\t\t<img decoding=\"async\" width=\"800\" height=\"450\" src=\"https:\/\/mm.wdemo.net\/wp-content\/uploads\/2026\/04\/aitzorrotz-1.jpg\" class=\"attachment-large size-large wp-image-2000\" alt=\"\" srcset=\"https:\/\/mm.wdemo.net\/wp-content\/uploads\/2026\/04\/aitzorrotz-1.jpg 880w, https:\/\/mm.wdemo.net\/wp-content\/uploads\/2026\/04\/aitzorrotz-1-300x169.jpg 300w, https:\/\/mm.wdemo.net\/wp-content\/uploads\/2026\/04\/aitzorrotz-1-768x432.jpg 768w\" sizes=\"(max-width: 800px) 100vw, 800px\" \/>\t\t\t\t\t\t\t\t\t\t\t\t\t\t\t<\/div>\n\t\t\t\t<\/div>\n\t\t<div class=\"elementor-element elementor-element-a77ff69 e-con-full e-flex e-con e-child\" data-id=\"a77ff69\" data-element_type=\"container\">\n\t\t\t\t<div class=\"elementor-element elementor-element-e67769e animated-slow elementor-invisible elementor-widget elementor-widget-heading\" data-id=\"e67769e\" data-element_type=\"widget\" data-settings=\"{&quot;_animation&quot;:&quot;fadeIn&quot;,&quot;_animation_delay&quot;:0}\" data-widget_type=\"heading.default\">\n\t\t\t\t\t<h3 class=\"elementor-heading-title elementor-size-default\">Aitzorrotz depuis le sanctuaire de Dorleta<\/h3>\t\t\t\t<\/div>\n\t\t\t\t<div class=\"elementor-element elementor-element-3ad8d9f animated-slow elementor-invisible elementor-widget elementor-widget-text-editor\" data-id=\"3ad8d9f\" data-element_type=\"widget\" data-settings=\"{&quot;_animation&quot;:&quot;fadeIn&quot;,&quot;_animation_delay&quot;:200}\" data-widget_type=\"text-editor.default\">\n\t\t\t\t\t\t\t\t\t<p>Un article proposant un circuit qui part des environs du sanctuaire de Dorleta et traverse certains des paysages les plus remarquables du haut Deba ; il comprend des informations pratiques telles que la distance, le d\u00e9nivel\u00e9 et la dur\u00e9e estim\u00e9e du parcours, ainsi que quelques conseils pour effectuer le circuit en toute s\u00e9curit\u00e9. Le parcours traverse des for\u00eats, des chemins ruraux et des points de vue panoramiques, offrant ainsi une exp\u00e9rience compl\u00e8te alliant nature et sport. Il combine randonn\u00e9e p\u00e9destre et cyclisme, passant par des belv\u00e9d\u00e8res naturels et des lieux charg\u00e9s d&rsquo;histoire. Il explique \u00e9galement l&rsquo;origine de la tradition cycliste li\u00e9e au sanctuaire et comment celui-ci a \u00e9t\u00e9 reconnu comme patron des cyclistes.<\/p>\t\t\t\t\t\t\t\t<\/div>\n\t\t\t\t<div class=\"elementor-element elementor-element-0e82cab elementor-widget elementor-widget-text-editor\" data-id=\"0e82cab\" data-element_type=\"widget\" data-widget_type=\"text-editor.default\">\n\t\t\t\t\t\t\t\t\t<p><a href=\"https:\/\/www.noticiasdealava.eus\/rutas-y-naturaleza\/2023\/09\/01\/aitzorrotz-santuario-dorleta-7207329.html?\">Lire l&rsquo;article<\/a><\/p>\t\t\t\t\t\t\t\t<\/div>\n\t\t\t\t<\/div>\n\t\t<div class=\"elementor-element elementor-element-39fd103 e-con-full elementor-hidden-tablet elementor-hidden-mobile e-flex e-con e-child\" data-id=\"39fd103\" data-element_type=\"container\">\n\t\t\t\t<div class=\"elementor-element elementor-element-d95da83 animated-slow elementor-invisible elementor-widget elementor-widget-image\" data-id=\"d95da83\" data-element_type=\"widget\" data-settings=\"{&quot;_animation&quot;:&quot;zoomIn&quot;,&quot;_animation_delay&quot;:0}\" data-widget_type=\"image.default\">\n\t\t\t\t\t\t\t\t\t\t\t\t\t\t\t<img decoding=\"async\" width=\"800\" height=\"450\" src=\"https:\/\/mm.wdemo.net\/wp-content\/uploads\/2026\/04\/aitzorrotz.jpg\" class=\"attachment-large size-large wp-image-2001\" alt=\"\" srcset=\"https:\/\/mm.wdemo.net\/wp-content\/uploads\/2026\/04\/aitzorrotz.jpg 880w, https:\/\/mm.wdemo.net\/wp-content\/uploads\/2026\/04\/aitzorrotz-300x169.jpg 300w, https:\/\/mm.wdemo.net\/wp-content\/uploads\/2026\/04\/aitzorrotz-768x432.jpg 768w\" sizes=\"(max-width: 800px) 100vw, 800px\" \/>\t\t\t\t\t\t\t\t\t\t\t\t\t\t\t<\/div>\n\t\t\t\t<\/div>\n\t\t\t\t<\/div>\n\t\t<div class=\"elementor-element elementor-element-7a610eb e-con-full e-flex e-con e-child\" data-id=\"7a610eb\" data-element_type=\"container\">\n\t\t<div class=\"elementor-element elementor-element-c0e239c e-con-full e-flex e-con e-child\" data-id=\"c0e239c\" data-element_type=\"container\">\n\t\t\t\t<div class=\"elementor-element elementor-element-787ce09 animated-slow elementor-invisible elementor-widget elementor-widget-image\" data-id=\"787ce09\" data-element_type=\"widget\" data-settings=\"{&quot;_animation&quot;:&quot;zoomIn&quot;,&quot;_animation_delay&quot;:0}\" data-widget_type=\"image.default\">\n\t\t\t\t\t\t\t\t\t\t\t\t\t\t\t<img loading=\"lazy\" decoding=\"async\" width=\"800\" height=\"621\" src=\"https:\/\/mm.wdemo.net\/wp-content\/uploads\/2026\/03\/lugar-de-encuentro-1024x795.png\" class=\"attachment-large size-large wp-image-1862\" alt=\"\" srcset=\"https:\/\/mm.wdemo.net\/wp-content\/uploads\/2026\/03\/lugar-de-encuentro-1024x795.png 1024w, https:\/\/mm.wdemo.net\/wp-content\/uploads\/2026\/03\/lugar-de-encuentro-300x233.png 300w, https:\/\/mm.wdemo.net\/wp-content\/uploads\/2026\/03\/lugar-de-encuentro-768x596.png 768w, https:\/\/mm.wdemo.net\/wp-content\/uploads\/2026\/03\/lugar-de-encuentro-1536x1193.png 1536w, https:\/\/mm.wdemo.net\/wp-content\/uploads\/2026\/03\/lugar-de-encuentro-2048x1591.png 2048w\" sizes=\"(max-width: 800px) 100vw, 800px\" \/>\t\t\t\t\t\t\t\t\t\t\t\t\t\t\t<\/div>\n\t\t\t\t<\/div>\n\t\t<div class=\"elementor-element elementor-element-8f7f889 e-con-full e-flex e-con e-child\" data-id=\"8f7f889\" data-element_type=\"container\">\n\t\t\t\t<div class=\"elementor-element elementor-element-2811e3e animated-slow elementor-invisible elementor-widget elementor-widget-heading\" data-id=\"2811e3e\" data-element_type=\"widget\" data-settings=\"{&quot;_animation&quot;:&quot;fadeIn&quot;,&quot;_animation_delay&quot;:0}\" data-widget_type=\"heading.default\">\n\t\t\t\t\t<h3 class=\"elementor-heading-title elementor-size-default\">La Vierge de Dorleta, patronne des cyclistes<\/h3>\t\t\t\t<\/div>\n\t\t\t\t<div class=\"elementor-element elementor-element-32a18b6 animated-slow elementor-invisible elementor-widget elementor-widget-text-editor\" data-id=\"32a18b6\" data-element_type=\"widget\" data-settings=\"{&quot;_animation&quot;:&quot;fadeIn&quot;,&quot;_animation_delay&quot;:200}\" data-widget_type=\"text-editor.default\">\n\t\t\t\t\t\t\t\t\t<p>Cet article retrace l&rsquo;origine de la d\u00e9votion \u00e0 la Vierge de Dorleta en tant que patronne des cyclistes en Espagne. Il raconte comment la Vierge a \u00e9t\u00e9 proclam\u00e9e patronne officielle des cyclistes en Espagne \u00e0 l&rsquo;issue d&rsquo;un long et difficile processus men\u00e9 par des passionn\u00e9s de cyclisme et soutenu par des institutions religieuses. Il d\u00e9nonce \u00e9galement le parcours du Tour de France qui ignore ce lieu si important pour les amateurs de cyclisme. L&rsquo;importance du sanctuaire en tant que lieu de rencontre pour les cyclistes est mentionn\u00e9e, car chaque ann\u00e9e, des milliers d&rsquo;amateurs s&rsquo;y rassemblent, perp\u00e9tuant ainsi la tradition.<\/p>\t\t\t\t\t\t\t\t<\/div>\n\t\t\t\t<div class=\"elementor-element elementor-element-0601d65 elementor-widget elementor-widget-text-editor\" data-id=\"0601d65\" data-element_type=\"widget\" data-widget_type=\"text-editor.default\">\n\t\t\t\t\t\t\t\t\t<p><a href=\"http:\/\/Link:https:\/\/www.naiz.eus\/eu\/iritzia\/articulos\/la-virgen-de-dorleta-patrona-de-los-ciclistas\" data-wplink-url-error=\"true\">Lire l&rsquo;article<\/a><\/p>\t\t\t\t\t\t\t\t<\/div>\n\t\t\t\t<\/div>\n\t\t\t\t<\/div>\n\t\t\t\t\t<\/div>\n\t\t\t\t<\/div>\n\t\t\t\t<\/div>\n\t\t","protected":false},"excerpt":{"rendered":"<p>Derni\u00e8res nouvelles ! Des histoires qui continuent de rouler : actualit\u00e9s, \u00e9v\u00e9nements et moments qui rassemblent cyclistes, visiteurs et fid\u00e8les autour de Dorleta. Reportage sur une visite au sanctuaire de Dorleta Un reportage t\u00e9l\u00e9vis\u00e9 rend compte d&rsquo;une visite au sanctuaire de Dorleta, o\u00f9 l&rsquo;on peut voir les maillots et les souvenirs que les cyclistes ont [&hellip;]<\/p>\n","protected":false},"author":1,"featured_media":1829,"parent":0,"menu_order":0,"comment_status":"closed","ping_status":"closed","template":"elementor_header_footer","meta":{"_acf_changed":false,"footnotes":""},"class_list":["post-1977","page","type-page","status-publish","has-post-thumbnail","hentry"],"acf":[],"_links":{"self":[{"href":"https:\/\/mm.wdemo.net\/fr\/wp-json\/wp\/v2\/pages\/1977","targetHints":{"allow":["GET"]}}],"collection":[{"href":"https:\/\/mm.wdemo.net\/fr\/wp-json\/wp\/v2\/pages"}],"about":[{"href":"https:\/\/mm.wdemo.net\/fr\/wp-json\/wp\/v2\/types\/page"}],"author":[{"embeddable":true,"href":"https:\/\/mm.wdemo.net\/fr\/wp-json\/wp\/v2\/users\/1"}],"replies":[{"embeddable":true,"href":"https:\/\/mm.wdemo.net\/fr\/wp-json\/wp\/v2\/comments?post=1977"}],"version-history":[{"count":4,"href":"https:\/\/mm.wdemo.net\/fr\/wp-json\/wp\/v2\/pages\/1977\/revisions"}],"predecessor-version":[{"id":2006,"href":"https:\/\/mm.wdemo.net\/fr\/wp-json\/wp\/v2\/pages\/1977\/revisions\/2006"}],"wp:featuredmedia":[{"embeddable":true,"href":"https:\/\/mm.wdemo.net\/fr\/wp-json\/wp\/v2\/media\/1829"}],"wp:attachment":[{"href":"https:\/\/mm.wdemo.net\/fr\/wp-json\/wp\/v2\/media?parent=1977"}],"curies":[{"name":"wp","href":"https:\/\/api.w.org\/{rel}","templated":true}]}}