{"id":1934,"date":"2026-04-01T11:22:46","date_gmt":"2026-04-01T09:22:46","guid":{"rendered":"https:\/\/mm.wdemo.net\/lugar\/"},"modified":"2026-04-28T16:33:57","modified_gmt":"2026-04-28T14:33:57","slug":"lieu","status":"publish","type":"page","link":"https:\/\/mm.wdemo.net\/fr\/lieu\/","title":{"rendered":"Lieu"},"content":{"rendered":"\t\t<div data-elementor-type=\"wp-page\" data-elementor-id=\"1934\" class=\"elementor elementor-1934 elementor-1780\" data-elementor-post-type=\"page\">\n\t\t\t\t<div class=\"elementor-element elementor-element-40b81bc e-con-full e-flex e-con e-parent\" data-id=\"40b81bc\" data-element_type=\"container\">\n\t\t<div class=\"elementor-element elementor-element-9600a1c e-con-full e-flex e-con e-child\" data-id=\"9600a1c\" data-element_type=\"container\">\n\t\t<div class=\"elementor-element elementor-element-d21b78d e-con-full e-flex e-con e-child\" data-id=\"d21b78d\" data-element_type=\"container\">\n\t\t\t\t<div class=\"elementor-element elementor-element-f86188d animated-slow elementor-invisible elementor-widget elementor-widget-heading\" data-id=\"f86188d\" data-element_type=\"widget\" data-settings=\"{&quot;_animation&quot;:&quot;fadeIn&quot;,&quot;_animation_delay&quot;:0}\" data-widget_type=\"heading.default\">\n\t\t\t\t\t<h3 class=\"elementor-heading-title elementor-size-default\">O\u00f9 nous sommes<\/h3>\t\t\t\t<\/div>\n\t\t\t\t<div class=\"elementor-element elementor-element-0d51a00 animated-slow elementor-invisible elementor-widget elementor-widget-text-editor\" data-id=\"0d51a00\" data-element_type=\"widget\" data-settings=\"{&quot;_animation&quot;:&quot;fadeIn&quot;,&quot;_animation_delay&quot;:200}\" data-widget_type=\"text-editor.default\">\n\t\t\t\t\t\t\t\t\t<p class=\"p1\">Le mus\u00e9e des maillots se trouve au Sanctuaire de Dorleta, dans un cadre naturel privil\u00e9gi\u00e9 et tr\u00e8s li\u00e9 au monde du cyclisme.<\/p><p class=\"p1\"><br \/>Le Sanctuaire de Dorleta est un lieu embl\u00e9matique pour les cyclistes de toute l&rsquo;Espagne et d&rsquo;autres pays.<\/p>\t\t\t\t\t\t\t\t<\/div>\n\t\t\t\t<\/div>\n\t\t<div class=\"elementor-element elementor-element-916920f e-con-full e-flex e-con e-child\" data-id=\"916920f\" data-element_type=\"container\">\n\t\t\t\t<div class=\"elementor-element elementor-element-39753ed animated-slow elementor-invisible elementor-widget elementor-widget-image\" data-id=\"39753ed\" data-element_type=\"widget\" data-settings=\"{&quot;_animation&quot;:&quot;zoomIn&quot;,&quot;_animation_delay&quot;:0}\" data-widget_type=\"image.default\">\n\t\t\t\t\t\t\t\t\t\t\t\t\t\t\t<img fetchpriority=\"high\" decoding=\"async\" width=\"572\" height=\"420\" src=\"https:\/\/mm.wdemo.net\/wp-content\/uploads\/2026\/04\/Captura-de-pantalla-2026-04-01-a-las-12.13.30.png\" class=\"attachment-large size-large wp-image-1935\" alt=\"\" srcset=\"https:\/\/mm.wdemo.net\/wp-content\/uploads\/2026\/04\/Captura-de-pantalla-2026-04-01-a-las-12.13.30.png 572w, https:\/\/mm.wdemo.net\/wp-content\/uploads\/2026\/04\/Captura-de-pantalla-2026-04-01-a-las-12.13.30-300x220.png 300w\" sizes=\"(max-width: 572px) 100vw, 572px\" \/>\t\t\t\t\t\t\t\t\t\t\t\t\t\t\t<\/div>\n\t\t\t\t<\/div>\n\t\t\t\t<\/div>\n\t\t<div class=\"elementor-element elementor-element-3246cb5 e-con-full e-flex e-con e-child\" data-id=\"3246cb5\" data-element_type=\"container\">\n\t\t<div class=\"elementor-element elementor-element-4837e45 e-con-full elementor-hidden-mobile e-flex e-con e-child\" data-id=\"4837e45\" data-element_type=\"container\">\n\t\t\t\t<div class=\"elementor-element elementor-element-b94dba8 elementor-widget elementor-widget-google_maps\" data-id=\"b94dba8\" data-element_type=\"widget\" data-widget_type=\"google_maps.default\">\n\t\t\t\t\t\t\t<div class=\"elementor-custom-embed\">\n\t\t\t<iframe loading=\"lazy\"\n\t\t\t\t\tsrc=\"https:\/\/maps.google.com\/maps?q=Dorleta%20Ama%20Birginaren%20Santutegia%2FSantuario%20de%20la%20Virgen%20de%20Dorleta%2C%20Diseminados%20Barreiatua%2C%2032%2C%2020530%20Leintz-Gatzaga%2C%20Gipuzkoa&#038;t=m&#038;z=10&#038;output=embed&#038;iwloc=near\"\n\t\t\t\t\ttitle=\"Dorleta Ama Birginaren Santutegia\/Santuario de la Virgen de Dorleta, Diseminados Barreiatua, 32, 20530 Leintz-Gatzaga, Gipuzkoa\"\n\t\t\t\t\taria-label=\"Dorleta Ama Birginaren Santutegia\/Santuario de la Virgen de Dorleta, Diseminados Barreiatua, 32, 20530 Leintz-Gatzaga, Gipuzkoa\"\n\t\t\t><\/iframe>\n\t\t<\/div>\n\t\t\t\t\t\t<\/div>\n\t\t\t\t<\/div>\n\t\t<div class=\"elementor-element elementor-element-c9ca8ef e-con-full e-flex e-con e-child\" data-id=\"c9ca8ef\" data-element_type=\"container\">\n\t\t\t\t<div class=\"elementor-element elementor-element-00196f8 animated-slow elementor-invisible elementor-widget elementor-widget-heading\" data-id=\"00196f8\" data-element_type=\"widget\" data-settings=\"{&quot;_animation&quot;:&quot;fadeIn&quot;,&quot;_animation_delay&quot;:0}\" data-widget_type=\"heading.default\">\n\t\t\t\t\t<h3 class=\"elementor-heading-title elementor-size-default\">Comment y arriver <\/h3>\t\t\t\t<\/div>\n\t\t<div class=\"elementor-element elementor-element-f82a2e9 e-con-full e-flex e-con e-child\" data-id=\"f82a2e9\" data-element_type=\"container\">\n\t\t<div class=\"elementor-element elementor-element-3bdc66e e-con-full e-flex e-con e-child\" data-id=\"3bdc66e\" data-element_type=\"container\">\n\t\t\t\t<div class=\"elementor-element elementor-element-52c7b44 elementor-widget elementor-widget-text-editor\" data-id=\"52c7b44\" data-element_type=\"widget\" data-widget_type=\"text-editor.default\">\n\t\t\t\t\t\t\t\t\t<p class=\"p1\"><span class=\"s1\">En voiture<\/span><\/p>\t\t\t\t\t\t\t\t<\/div>\n\t\t\t\t<div class=\"elementor-element elementor-element-1c61743 animated-slow elementor-invisible elementor-widget elementor-widget-text-editor\" data-id=\"1c61743\" data-element_type=\"widget\" data-settings=\"{&quot;_animation&quot;:&quot;fadeIn&quot;,&quot;_animation_delay&quot;:200}\" data-widget_type=\"text-editor.default\">\n\t\t\t\t\t\t\t\t\t<p class=\"p1\">Acc\u00e8s facile depuis Arrasate : 10-15 minutes<\/p><p class=\"p1\">Vitoria-Gasteiz : 29 minutes<\/p><p class=\"p1\">Saint-S\u00e9bastien : 1 heure<\/p>\t\t\t\t\t\t\t\t<\/div>\n\t\t\t\t<\/div>\n\t\t<div class=\"elementor-element elementor-element-5bc6f02 e-con-full e-flex e-con e-child\" data-id=\"5bc6f02\" data-element_type=\"container\">\n\t\t\t\t<div class=\"elementor-element elementor-element-3d85247 elementor-widget elementor-widget-text-editor\" data-id=\"3d85247\" data-element_type=\"widget\" data-widget_type=\"text-editor.default\">\n\t\t\t\t\t\t\t\t\t<p class=\"p1\"><span class=\"s1\">\u00c0 v\u00e9lo<\/span><\/p>\t\t\t\t\t\t\t\t<\/div>\n\t\t\t\t<div class=\"elementor-element elementor-element-a7bbf81 animated-slow elementor-invisible elementor-widget elementor-widget-text-editor\" data-id=\"a7bbf81\" data-element_type=\"widget\" data-settings=\"{&quot;_animation&quot;:&quot;fadeIn&quot;,&quot;_animation_delay&quot;:200}\" data-widget_type=\"text-editor.default\">\n\t\t\t\t\t\t\t\t\t<p class=\"p1\">Depuis le Bidegorri d&rsquo;Arrasate : 1 heure<\/p><p class=\"p1\">Vitoria-Gasteiz : 1h 20 minutes<\/p>\t\t\t\t\t\t\t\t<\/div>\n\t\t\t\t<\/div>\n\t\t\t\t<\/div>\n\t\t\t\t<div class=\"elementor-element elementor-element-718657c elementor-widget elementor-widget-text-editor\" data-id=\"718657c\" data-element_type=\"widget\" data-widget_type=\"text-editor.default\">\n\t\t\t\t\t\t\t\t\t<p class=\"p1\">NOUS DISPOSONS D&rsquo;UNE ZONE DE STATIONNEMENT \u00c0 PROXIMIT\u00c9<\/p>\t\t\t\t\t\t\t\t<\/div>\n\t\t\t\t<\/div>\n\t\t<div class=\"elementor-element elementor-element-13c199d e-con-full elementor-hidden-desktop elementor-hidden-tablet e-flex e-con e-child\" data-id=\"13c199d\" data-element_type=\"container\">\n\t\t\t\t<div class=\"elementor-element elementor-element-3f39e75 elementor-widget elementor-widget-google_maps\" data-id=\"3f39e75\" data-element_type=\"widget\" data-widget_type=\"google_maps.default\">\n\t\t\t\t\t\t\t<div class=\"elementor-custom-embed\">\n\t\t\t<iframe loading=\"lazy\"\n\t\t\t\t\tsrc=\"https:\/\/maps.google.com\/maps?q=Dorleta%20Ama%20Birginaren%20Santutegia%2FSantuario%20de%20la%20Virgen%20de%20Dorleta%2C%20Diseminados%20Barreiatua%2C%2032%2C%2020530%20Leintz-Gatzaga%2C%20Gipuzkoa&#038;t=m&#038;z=10&#038;output=embed&#038;iwloc=near\"\n\t\t\t\t\ttitle=\"Dorleta Ama Birginaren Santutegia\/Santuario de la Virgen de Dorleta, Diseminados Barreiatua, 32, 20530 Leintz-Gatzaga, Gipuzkoa\"\n\t\t\t\t\taria-label=\"Dorleta Ama Birginaren Santutegia\/Santuario de la Virgen de Dorleta, Diseminados Barreiatua, 32, 20530 Leintz-Gatzaga, Gipuzkoa\"\n\t\t\t><\/iframe>\n\t\t<\/div>\n\t\t\t\t\t\t<\/div>\n\t\t\t\t<\/div>\n\t\t\t\t<\/div>\n\t\t\t\t<\/div>\n\t\t\t\t<\/div>\n\t\t","protected":false},"excerpt":{"rendered":"<p>O\u00f9 nous sommes Le mus\u00e9e des maillots se trouve au Sanctuaire de Dorleta, dans un cadre naturel privil\u00e9gi\u00e9 et tr\u00e8s li\u00e9 au monde du cyclisme. Le Sanctuaire de Dorleta est un lieu embl\u00e9matique pour les cyclistes de toute l&rsquo;Espagne et d&rsquo;autres pays. Comment y arriver En voiture Acc\u00e8s facile depuis Arrasate : 10-15 minutes Vitoria-Gasteiz [&hellip;]<\/p>\n","protected":false},"author":1,"featured_media":0,"parent":0,"menu_order":0,"comment_status":"closed","ping_status":"closed","template":"","meta":{"_acf_changed":false,"footnotes":""},"class_list":["post-1934","page","type-page","status-publish","hentry"],"acf":[],"_links":{"self":[{"href":"https:\/\/mm.wdemo.net\/fr\/wp-json\/wp\/v2\/pages\/1934","targetHints":{"allow":["GET"]}}],"collection":[{"href":"https:\/\/mm.wdemo.net\/fr\/wp-json\/wp\/v2\/pages"}],"about":[{"href":"https:\/\/mm.wdemo.net\/fr\/wp-json\/wp\/v2\/types\/page"}],"author":[{"embeddable":true,"href":"https:\/\/mm.wdemo.net\/fr\/wp-json\/wp\/v2\/users\/1"}],"replies":[{"embeddable":true,"href":"https:\/\/mm.wdemo.net\/fr\/wp-json\/wp\/v2\/comments?post=1934"}],"version-history":[{"count":6,"href":"https:\/\/mm.wdemo.net\/fr\/wp-json\/wp\/v2\/pages\/1934\/revisions"}],"predecessor-version":[{"id":2766,"href":"https:\/\/mm.wdemo.net\/fr\/wp-json\/wp\/v2\/pages\/1934\/revisions\/2766"}],"wp:attachment":[{"href":"https:\/\/mm.wdemo.net\/fr\/wp-json\/wp\/v2\/media?parent=1934"}],"curies":[{"name":"wp","href":"https:\/\/api.w.org\/{rel}","templated":true}]}}